{"id":160,"date":"2013-11-30T23:02:20","date_gmt":"2013-12-01T02:02:20","guid":{"rendered":"http:\/\/portalcaetanos.com.br\/portal\/?page_id=160"},"modified":"2019-09-28T11:44:27","modified_gmt":"2019-09-28T14:44:27","slug":"o-portal-2","status":"publish","type":"page","link":"https:\/\/portalcaetanos.com.br\/portal\/o-portal-2\/","title":{"rendered":"O PORTAL"},"content":{"rendered":"<p>A Miss\u00e3o do PORTAL CAETANOS.COM.BR, \u00e9 oferecer a melhor op\u00e7\u00e3o de entretenimento na Internet tornando as informa\u00e7\u00f5es regionais acess\u00edveis e \u00fateis. PORTAL CAETANOS.COM.BR, oferece o caminho mais r\u00e1pido e f\u00e1cil de encontrar not\u00edcias regionais na web. Com acesso a mais de 500 de p\u00e1ginas, e usando o que a de mais novo da era Web 2.0\u00a0Hypertext Preprocessor.<\/p>\n<p>Os m\u00e9todos complexos e automatizados de pesquisa do PORTAL CAETANOS.COM.BR, impedem qualquer tipo de interfer\u00eancia humana&#8230; O PORTAL CAETANOS.COM.BR \u00e9 uma forma simples, objetiva e honesta dos internautas expressarem suas opini\u00f5es e id\u00e9ias.<\/p>\n<p>SEJA UM AFILIADO, TENHA UM PORTAL NA SUA CIDADE, INFORMA\u00c7\u00d5ES: <a title=\"contato\" href=\"http:\/\/portalcaetanos.com.br\/portal\/?page_id=171\"><strong>CLIQUE AQUI<\/strong><\/a><\/p>\n","protected":false},"excerpt":{"rendered":"<p>A Miss\u00e3o do PORTAL CAETANOS.COM.BR, \u00e9 oferecer a melhor op\u00e7\u00e3o de entretenimento na Internet tornando as informa\u00e7\u00f5es regionais acess\u00edveis e \u00fateis. PORTAL CAETANOS.COM.BR, oferece o caminho mais r\u00e1pido e f\u00e1cil de encontrar not\u00edcias regionais na web. Com acesso a mais de 500 de p\u00e1ginas, e usando o que a de mais novo da era Web [&hellip;]<\/p>\n","protected":false},"author":1,"featured_media":0,"parent":0,"menu_order":0,"comment_status":"closed","ping_status":"closed","template":"","meta":{"footnotes":""},"yoast_head":"<!-- This site is optimized with the Yoast SEO plugin v21.1 - https:\/\/yoast.com\/wordpress\/plugins\/seo\/ -->\n<title>O PORTAL - Portal Caetanos<\/title>\n<meta name=\"robots\" content=\"index, follow, max-snippet:-1, max-image-preview:large, max-video-preview:-1\" \/>\n<link rel=\"canonical\" href=\"https:\/\/portalcaetanos.com.br\/portal\/o-portal-2\/\" \/>\n<meta property=\"og:locale\" content=\"pt_BR\" \/>\n<meta property=\"og:type\" content=\"article\" \/>\n<meta property=\"og:title\" content=\"O PORTAL - Portal Caetanos\" \/>\n<meta property=\"og:description\" content=\"A Miss\u00e3o do PORTAL CAETANOS.COM.BR, \u00e9 oferecer a melhor op\u00e7\u00e3o de entretenimento na Internet tornando as informa\u00e7\u00f5es regionais acess\u00edveis e \u00fateis. PORTAL CAETANOS.COM.BR, oferece o caminho mais r\u00e1pido e f\u00e1cil de encontrar not\u00edcias regionais na web. Com acesso a mais de 500 de p\u00e1ginas, e usando o que a de mais novo da era Web [&hellip;]\" \/>\n<meta property=\"og:url\" content=\"https:\/\/portalcaetanos.com.br\/portal\/o-portal-2\/\" \/>\n<meta property=\"og:site_name\" content=\"Portal Caetanos\" \/>\n<meta property=\"article:modified_time\" content=\"2019-09-28T14:44:27+00:00\" \/>\n<meta name=\"twitter:card\" content=\"summary_large_image\" \/>\n<meta name=\"twitter:label1\" content=\"Est. tempo de leitura\" \/>\n\t<meta name=\"twitter:data1\" content=\"1 minuto\" \/>\n<script type=\"application\/ld+json\" class=\"yoast-schema-graph\">{\"@context\":\"https:\/\/schema.org\",\"@graph\":[{\"@type\":\"WebPage\",\"@id\":\"https:\/\/portalcaetanos.com.br\/portal\/o-portal-2\/\",\"url\":\"https:\/\/portalcaetanos.com.br\/portal\/o-portal-2\/\",\"name\":\"O PORTAL - Portal Caetanos\",\"isPartOf\":{\"@id\":\"https:\/\/portalcaetanos.com.br\/portal\/#website\"},\"datePublished\":\"2013-12-01T02:02:20+00:00\",\"dateModified\":\"2019-09-28T14:44:27+00:00\",\"breadcrumb\":{\"@id\":\"https:\/\/portalcaetanos.com.br\/portal\/o-portal-2\/#breadcrumb\"},\"inLanguage\":\"pt-BR\",\"potentialAction\":[{\"@type\":\"ReadAction\",\"target\":[\"https:\/\/portalcaetanos.com.br\/portal\/o-portal-2\/\"]}]},{\"@type\":\"BreadcrumbList\",\"@id\":\"https:\/\/portalcaetanos.com.br\/portal\/o-portal-2\/#breadcrumb\",\"itemListElement\":[{\"@type\":\"ListItem\",\"position\":1,\"name\":\"In\u00edcio\",\"item\":\"https:\/\/portalcaetanos.com.br\/portal\/\"},{\"@type\":\"ListItem\",\"position\":2,\"name\":\"O PORTAL\"}]},{\"@type\":\"WebSite\",\"@id\":\"https:\/\/portalcaetanos.com.br\/portal\/#website\",\"url\":\"https:\/\/portalcaetanos.com.br\/portal\/\",\"name\":\"Portal Caetanos\",\"description\":\"A Revista Eletr\u00f4nica da Cidade!\",\"publisher\":{\"@id\":\"https:\/\/portalcaetanos.com.br\/portal\/#organization\"},\"potentialAction\":[{\"@type\":\"SearchAction\",\"target\":{\"@type\":\"EntryPoint\",\"urlTemplate\":\"https:\/\/portalcaetanos.com.br\/portal\/?s={search_term_string}\"},\"query-input\":\"required name=search_term_string\"}],\"inLanguage\":\"pt-BR\"},{\"@type\":\"Organization\",\"@id\":\"https:\/\/portalcaetanos.com.br\/portal\/#organization\",\"name\":\"Portal Caetanos\",\"url\":\"https:\/\/portalcaetanos.com.br\/portal\/\",\"logo\":{\"@type\":\"ImageObject\",\"inLanguage\":\"pt-BR\",\"@id\":\"https:\/\/portalcaetanos.com.br\/portal\/#\/schema\/logo\/image\/\",\"url\":\"https:\/\/portalcaetanos.com.br\/portal\/wp-content\/uploads\/2018\/04\/logo_tes1.png\",\"contentUrl\":\"https:\/\/portalcaetanos.com.br\/portal\/wp-content\/uploads\/2018\/04\/logo_tes1.png\",\"width\":423,\"height\":88,\"caption\":\"Portal Caetanos\"},\"image\":{\"@id\":\"https:\/\/portalcaetanos.com.br\/portal\/#\/schema\/logo\/image\/\"}}]}<\/script>\n<!-- \/ Yoast SEO plugin. -->","yoast_head_json":{"title":"O PORTAL - Portal Caetanos","robots":{"index":"index","follow":"follow","max-snippet":"max-snippet:-1","max-image-preview":"max-image-preview:large","max-video-preview":"max-video-preview:-1"},"canonical":"https:\/\/portalcaetanos.com.br\/portal\/o-portal-2\/","og_locale":"pt_BR","og_type":"article","og_title":"O PORTAL - Portal Caetanos","og_description":"A Miss\u00e3o do PORTAL CAETANOS.COM.BR, \u00e9 oferecer a melhor op\u00e7\u00e3o de entretenimento na Internet tornando as informa\u00e7\u00f5es regionais acess\u00edveis e \u00fateis. PORTAL CAETANOS.COM.BR, oferece o caminho mais r\u00e1pido e f\u00e1cil de encontrar not\u00edcias regionais na web. Com acesso a mais de 500 de p\u00e1ginas, e usando o que a de mais novo da era Web [&hellip;]","og_url":"https:\/\/portalcaetanos.com.br\/portal\/o-portal-2\/","og_site_name":"Portal Caetanos","article_modified_time":"2019-09-28T14:44:27+00:00","twitter_card":"summary_large_image","twitter_misc":{"Est. tempo de leitura":"1 minuto"},"schema":{"@context":"https:\/\/schema.org","@graph":[{"@type":"WebPage","@id":"https:\/\/portalcaetanos.com.br\/portal\/o-portal-2\/","url":"https:\/\/portalcaetanos.com.br\/portal\/o-portal-2\/","name":"O PORTAL - Portal Caetanos","isPartOf":{"@id":"https:\/\/portalcaetanos.com.br\/portal\/#website"},"datePublished":"2013-12-01T02:02:20+00:00","dateModified":"2019-09-28T14:44:27+00:00","breadcrumb":{"@id":"https:\/\/portalcaetanos.com.br\/portal\/o-portal-2\/#breadcrumb"},"inLanguage":"pt-BR","potentialAction":[{"@type":"ReadAction","target":["https:\/\/portalcaetanos.com.br\/portal\/o-portal-2\/"]}]},{"@type":"BreadcrumbList","@id":"https:\/\/portalcaetanos.com.br\/portal\/o-portal-2\/#breadcrumb","itemListElement":[{"@type":"ListItem","position":1,"name":"In\u00edcio","item":"https:\/\/portalcaetanos.com.br\/portal\/"},{"@type":"ListItem","position":2,"name":"O PORTAL"}]},{"@type":"WebSite","@id":"https:\/\/portalcaetanos.com.br\/portal\/#website","url":"https:\/\/portalcaetanos.com.br\/portal\/","name":"Portal Caetanos","description":"A Revista Eletr\u00f4nica da Cidade!","publisher":{"@id":"https:\/\/portalcaetanos.com.br\/portal\/#organization"},"potentialAction":[{"@type":"SearchAction","target":{"@type":"EntryPoint","urlTemplate":"https:\/\/portalcaetanos.com.br\/portal\/?s={search_term_string}"},"query-input":"required name=search_term_string"}],"inLanguage":"pt-BR"},{"@type":"Organization","@id":"https:\/\/portalcaetanos.com.br\/portal\/#organization","name":"Portal Caetanos","url":"https:\/\/portalcaetanos.com.br\/portal\/","logo":{"@type":"ImageObject","inLanguage":"pt-BR","@id":"https:\/\/portalcaetanos.com.br\/portal\/#\/schema\/logo\/image\/","url":"https:\/\/portalcaetanos.com.br\/portal\/wp-content\/uploads\/2018\/04\/logo_tes1.png","contentUrl":"https:\/\/portalcaetanos.com.br\/portal\/wp-content\/uploads\/2018\/04\/logo_tes1.png","width":423,"height":88,"caption":"Portal Caetanos"},"image":{"@id":"https:\/\/portalcaetanos.com.br\/portal\/#\/schema\/logo\/image\/"}}]}},"_links":{"self":[{"href":"https:\/\/portalcaetanos.com.br\/portal\/wp-json\/wp\/v2\/pages\/160"}],"collection":[{"href":"https:\/\/portalcaetanos.com.br\/portal\/wp-json\/wp\/v2\/pages"}],"about":[{"href":"https:\/\/portalcaetanos.com.br\/portal\/wp-json\/wp\/v2\/types\/page"}],"author":[{"embeddable":true,"href":"https:\/\/portalcaetanos.com.br\/portal\/wp-json\/wp\/v2\/users\/1"}],"replies":[{"embeddable":true,"href":"https:\/\/portalcaetanos.com.br\/portal\/wp-json\/wp\/v2\/comments?post=160"}],"version-history":[{"count":4,"href":"https:\/\/portalcaetanos.com.br\/portal\/wp-json\/wp\/v2\/pages\/160\/revisions"}],"predecessor-version":[{"id":5357,"href":"https:\/\/portalcaetanos.com.br\/portal\/wp-json\/wp\/v2\/pages\/160\/revisions\/5357"}],"wp:attachment":[{"href":"https:\/\/portalcaetanos.com.br\/portal\/wp-json\/wp\/v2\/media?parent=160"}],"curies":[{"name":"wp","href":"https:\/\/api.w.org\/{rel}","templated":true}]}}