{"id":157,"date":"2013-11-30T22:25:19","date_gmt":"2013-12-01T01:25:19","guid":{"rendered":"http:\/\/portalcaetanos.com.br\/portal\/?page_id=157"},"modified":"2017-11-26T20:09:07","modified_gmt":"2017-11-26T23:09:07","slug":"historia-da-cidade-2","status":"publish","type":"page","link":"https:\/\/portalcaetanos.com.br\/portal\/historia-da-cidade-2\/","title":{"rendered":"HIST\u00d3RIA DA CIDADE"},"content":{"rendered":"<figure id=\"attachment_3957\" aria-describedby=\"caption-attachment-3957\" style=\"width: 217px\" class=\"wp-caption alignleft\"><img decoding=\"async\" loading=\"lazy\" class=\" wp-image-3957\" src=\"http:\/\/portalcaetanos.com.br\/portal\/wp-content\/uploads\/2017\/11\/Caetanos-Imagem_a\u00e9rea.jpg\" alt=\"\" width=\"217\" height=\"122\" srcset=\"https:\/\/portalcaetanos.com.br\/portal\/wp-content\/uploads\/2017\/11\/Caetanos-Imagem_a\u00e9rea.jpg 1207w, https:\/\/portalcaetanos.com.br\/portal\/wp-content\/uploads\/2017\/11\/Caetanos-Imagem_a\u00e9rea-300x169.jpg 300w, https:\/\/portalcaetanos.com.br\/portal\/wp-content\/uploads\/2017\/11\/Caetanos-Imagem_a\u00e9rea-768x432.jpg 768w, https:\/\/portalcaetanos.com.br\/portal\/wp-content\/uploads\/2017\/11\/Caetanos-Imagem_a\u00e9rea-1024x576.jpg 1024w, https:\/\/portalcaetanos.com.br\/portal\/wp-content\/uploads\/2017\/11\/Caetanos-Imagem_a\u00e9rea-384x217.jpg 384w\" sizes=\"(max-width: 217px) 100vw, 217px\" \/><figcaption id=\"caption-attachment-3957\" class=\"wp-caption-text\">(Foto: Portal Caetanos &#8211; Caetanos 2016)<\/figcaption><\/figure>\n<p style=\"text-align: justify;\"><strong>A Verdadeira Hist\u00f3ria de Caetanos<br \/>\n<\/strong>No in\u00edcio do s\u00e9culo XIX, as terras onde hoje se localiza o munic\u00edpio de Caetanos, ainda pertenciam \u00e0 cidade de Rio de Contas, mas com a decad\u00eancia do ouro naquela regi\u00e3o, a cidade acabou perdendo parte do seu territ\u00f3rio para o pr\u00f3spero arraial de Caetit\u00e9, que no ano de 1810, ganha sua autonomia com a cria\u00e7\u00e3o da Villa do Pr\u00edncipe de Santana de Caetit\u00e9, o novo territ\u00f3rio da Vila de Caetit\u00e9, abrangia toda \u00e1rea que ficava entre os rios de Contas e o Pardo e se estendia at\u00e9 as cidades de Itapetinga, Ibicu\u00ed j\u00e1 bem pr\u00f3ximo de ilh\u00e9us. Nesse tempo, muitos portugueses vieram para o Brasil, todos eles em busca de uma vida melhor. Muitos deles eram analfabetos e por causa da decad\u00eancia do ouro, muitos deles tornaram-se fazendeiros e comerciantes, comercializando em tropas pelos pequenos arraiais que surgiam em todo o sert\u00e3o baiano.\u00a0 Um desses portugueses foi Antonio Duarte de Oliveira, que inicialmente residiu na antiga na Lage do Gavi\u00e3o, isso por volta do ano de 1800. Mais tarde, esse pequeno arraial tornou-se muito pr\u00f3spero e j\u00e1 tinha o nome de S\u00e3o Gon\u00e7alo das Lages (antiga Lage do Gavi\u00e3o). Ali ele constitui a sua fam\u00edlia e seus filhos eram: Felix Antonio de Oliveira, Romualdo Antonio de Oliveira, Honorato Duarte de Oliveira, Theotonio Duarte de Oliveira e outros&#8230;\u00a0Por volta do ano de 1815, Antonio Duarte de Oliveira, compra as terras onde hoje est\u00e1 o munic\u00edpio de Caetanos. Ele comprou essas terras na m\u00e3o do procurador da Casa do Fidalgo (Governo da Bahia), que eram os herdeiros de Antonio Guedes de Brito. A escritura foi lavrada na cidade de Caetit\u00e9. Mas no ano de 1854 o governo baixou um novo decreto, obrigando assim a todos os propriet\u00e1rios de terras a registrarem suas terras novamente. Mas isso s\u00f3 aconteceu quatro anos depois, pois conforme o Registro Eclesi\u00e1stico de Terras de n\u00ba 887 a fazenda da Caveira foi registrada na data de 05 de julho de 1858, na Imperial Villa da Vit\u00f3ria (hoje Vit\u00f3ria da Conquista). Constavam as seguintes medidas: uma l\u00e9gua de largura e tr\u00eas l\u00e9guas de comprimento, sendo pela Nascente: extrema com a fazenda do Peixe, pelo Poente: com a fazenda do Mandacaru, pelo Sul: com os herdeiros de Cipriano Francisco Moreira e pelo Norte: com a fazenda Boa Vista.<\/p>\n<p style=\"text-align: justify;\">A nova resid\u00eancia de Antonio Duarte Oliveira foi constru\u00edda \u00e0s margens do rio Caveira e ficava onde mora hoje Nelson de Sod\u00f4nio, na comunidade dos Macenas cuja fam\u00edlia faz parte de sua descend\u00eancia. A casa era de taipa, ou seja: de enchimento (paredes feitas de barro socado, entre estacas e ripas). Caetanos neste tempo era apenas uma fazenda e tinha como primeiro nome fazenda Caveira, por causa do rio que banhava a mesma. Depois a fazenda mudou o nome para Salinas dos Caetanos, isso em 1885 devido o sal facilmente retirado da terra e 10 anos depois, mudou-se o nome para Serra da Salina, e em 1912 passou a chamar Caetanos e a Serra passou a ser chamada Serra do Cruzeiro.<\/p>\n<p style=\"text-align: justify;\">Antonio Duarte de Oliveira foi o primeiro morador oficialmente a residir neste territ\u00f3rio. A comunidade dos Macenas est\u00e1 distante da sede de Caetanos cerca de 2 km. Seu filho Felix Antonio de Oliveira casou-se com uma \u00edndia Bugre, pega a \u201cDente de Cachorro\u201d como dizia minha v\u00f3. Foi batizada com o nome de Sophia Maria de Jesus. Dessa uni\u00e3o nasceram os seguintes filhos: Patr\u00edcio Antonio de Oliveira (bisav\u00f4 de Antonio de Silvino), Thomaz de Aquino de Oliveira, Galdina Maria de Jesus (av\u00f3 de Z\u00e9 de Naro), Felismina Maria de Jesus (bisav\u00f3 de Derlindo Macena), Maria Rosa de Jesus (esposa do Conde que est\u00e1 sepultado na Serra do Cruzeiro), Joana (casada com Isidoro Caetano da Rocha). Portanto Felix Antonio de Oliveira tornou-se o patriarca de muitas fam\u00edlias que ainda hoje residem em Caetanos, j\u00e1 que seus irm\u00e3os residiam na antiga Lage do Gavi\u00e3o.<\/p>\n<p><strong>ORIGEM DO NOME CAETANOS<\/strong><\/p>\n<p>A origem do nome Caetanos vem de um filho natural do portugu\u00eas Antonio Duarte de Oliveira, por nome de Jo\u00e3o Caetano da Rocha. Antonio Duarte teve este filho com uma \u00edndia, em uma de suas aventuras pelos arredores do arraial da Lage do Gavi\u00e3o. Naquele tempo, havia muitos \u00edndios por essas bandas, j\u00e1 quase todos domesticados, \u00edndios esses que haviam fugido do arraial da Conquista, que tinha ali no comando Antonio Dias de Miranda, primog\u00eanito do capit\u00e3o-mor Jo\u00e3o Gon\u00e7alves da Costa. Jo\u00e3o Caetano da Rocha, filho natural de Antonio Duarte foi adotado por uma fam\u00edlia que morava em Brejo Grande (hoje a cidade de Itua\u00e7u). Jo\u00e3o Caetano da Rocha foi batizado com este nome levando assim o sobrenome daquela fam\u00edlia. Depois de muito tempo, Jo\u00e3o Caetano da Rocha ficou sabendo, que seu verdadeiro pai chamava-se Antonio Duarte de Oliveira e que morava n\u00e3o muito longe um do outro. Nesse tempo, Jo\u00e3o Caetano j\u00e1 tinha filhos, dos quais cito aqui alguns deles: Jos\u00e9 Caetano, Manoel Caetano e Isidoro Caetano da Rocha, todos ainda pequenos.<\/p>\n<p>Antonio Duarte o reconheceu como filho, j\u00e1 que o mesmo passou a morar na fazenda Caveira, no lugar onde mora hoje seu Genso (pai de Olga). Ali ele se tornara o vaqueiro e fazia quase todo o servi\u00e7o da fazenda. Naquele tempo o caminho das tropas passava defronte a casa de Jo\u00e3o Caetano, esse caminho ligava a estrada Real que vinha do norte de Minas com destino a Nazar\u00e9 no rec\u00f4ncavo baiano. A estrada Real passava em Conquista, Po\u00e7\u00f5es, Marac\u00e1s, Areias e Nazar\u00e9. O caminho que passava em frete a casa de Jo\u00e3o Caetano, vinha da vila dos Coquinhos e ligava a Lage do Gavi\u00e3o e seguia para o arraial do Arei\u00e3o e deste, ligava a Marac\u00e1s. Os tropeiros paravam para descansar em frente \u00e0 casa de Jo\u00e3o Caetano, pois ali em frete havia uma grande lagoa e muita sombra para os animais. Muitos tropeiros come\u00e7aram a trocar ali mercadorias, j\u00e1 que uns levavam a farinha, o feij\u00e3o, o milho, j\u00e1 outros levavam o a\u00e7\u00facar a rapadura e muitas outras mercadorias. Jo\u00e3o Caetano vendo o\u00a0movimento que ali crescia, resolveu ali colocar uma venda e assim come\u00e7ou a comercializar mercadorias. As fam\u00edlias que moravam nas regi\u00f5es vizinhas come\u00e7aram a frequentar o lugar dizendo: \u201cVAMOS L\u00c1 NOS CAETANOS, L\u00c1 TEM TUDO O QUE A GENTE PRECISA\u201d. Portanto o sobrenome Caetano passou ent\u00e3o a ser chamado: Caetanos, por causa do sobrenome da fam\u00edlia de Jo\u00e3o Caetano da Rocha. A partir deste momento os outros filhos de Jo\u00e3o Caetano que nasceram na fazenda Caveira foram batizados com o sobrenome de Oliveira, em homenagem a Antonio Duarte, como \u00e9 o caso de Manoel In\u00e1cio de Oliveira, Jo\u00e3o Antonio de Oliveira e Anast\u00e1cio Francisco de Oliveira (av\u00f3 de Jo\u00e3o Lopes de Oliveira &#8211; Tij\u00e3o).<a href=\"https:\/\/pt.wikipedia.org\/wiki\/Caetanos#cite_note-Portal_Caetanos-7\">[7]<\/a><\/p>\n<p><strong>SERRA DO CRUZEIRO<\/strong><\/p>\n<p>No ano de 1912 chegaram a Caetanos dois mission\u00e1rios italianos: frei Francisco de Urb\u00e2nia e frei Camilo Crispiero. Esses mission\u00e1rios pregavam miss\u00f5es no sert\u00e3o da Bahia e tamb\u00e9m no estado de Sergipe. E naquele ano de 1912 eles fizeram aqui a 1\u00aa Miss\u00e3o\u00a0que durou cerca de doze dias. O povo veio de diversas regi\u00f5es e aqui faziam as suas barracas j\u00e1 que o local tinha poucas moradias. Ao avistarem a Serra da Salina os mission\u00e1rios sugeriram que deveria colocar no alto da serra, uma cruz para simbolizar a 1\u00aa Miss\u00e3o que aconteceu no lugar. E assim com ajuda do povo que ali estava, constru\u00edram a cruz, que era de aroeira. A madeira que fez a cruz, veio da regi\u00e3o do Choco, quem trouxe foi Patr\u00edcio Moreira Freire sob a encomenda de Jos\u00e9 Raimundo de Brito (av\u00f3 de Z\u00e9 de Naro). O carpinteiro foi Desid\u00e9rio Jos\u00e9 Soares.<br \/>\nEsta serra est\u00e1 localizada no sudoeste da Bahia, no munic\u00edpio de Caetanos, t\u00eam 115 metros de altura, 529 metros acima do n\u00edvel do mar, distante da sede cerca de 200 metros e \u00e9 banhada pelo rio Caveira. Esta serra j\u00e1 teve outros nomes: primeiro Serra da Caveira, devido o nome do rio que banha a mesma. Depois Serra da Salina, devido o sal facilmente encontrado na regi\u00e3o no final do s\u00e9culo XIX e finalmente em junho de 1912 passou a chamar: Serra do Cruzeiro, devido \u00e0 cruz instalada no alto da serra, simbolizando a primeira miss\u00e3o que aconteceu em Caetanos. Esta cruz de madeira durou cerca de 80 anos, j\u00e1 que por volta do ano de 1992 ela caiu e foi substitu\u00edda por uma de concreto.<br \/>\nAo lado dessa cruz est\u00e1 sepultado: Jer\u00f4nimo Conegundes da Trindade, mais conhecido como \u201cConde\u201d. O motivo do seu sepultamento no topo mais alto da serra foi devido a uma prosa de botequim, onde estavam presentes o Conde e Salviano Pereira Chaves, mais conhecido como Bichim.<br \/>\nBichim puxando-lhe uma prosa, perguntou-lhe o seguinte:<br \/>\n&#8212; Conde, voc\u00ea \u00e9 o coveiro dessa regi\u00e3o, enterra todo mundo que morre aqui e quem vai te sepultar quando tu morrer?<br \/>\nRespondeu-lhe o Conde:<br \/>\n&#8212; Me enterra no alto daquela serra, ao lado daquela cruz.<br \/>\n&#8212; Mas l\u00e1 s\u00f3 tem pedra, retruca Bichim.<br \/>\n&#8212; N\u00e3o tem problema, l\u00e1 os urubus me come e eu fico mais perto do c\u00e9u.<br \/>\n&#8212; Olha que eu vou fazer a tua vontade! Afirma Bichim<br \/>\n&#8212; Esse \u00e9 o meu desejo! finaliza o Conde (&#8230;).<br \/>\nPassado algum tempo, mais precisamente no m\u00eas de setembro de 1927, na regi\u00e3o do Macena, morre o Conde. O mesmo ia ser sepultado no cemit\u00e9rio, mas no caminho os coveiros encarregados, passando no arraial de Caetanos, param em uma venda para comprar cacha\u00e7a, e ali encontram Bichim, que era como um delegado aqui em Caetanos e sabendo ele do ocorrido, ordenou que os mesmos fossem abrir a cova l\u00e1 no alto da serra, pois ele havia prometido ao Conde, que cumpriria o seu desejo. E assim aconteceu conforme eles combinaram. Na \u00e9poca das grandes secas, a serra era muito visitada. Formavam-se prociss\u00f5es e o povo com pedra sobre a cabe\u00e7a, subia a serra rezando at\u00e9 a cruz. Ali deixavam suas pedras e clamavam a Deus e aos santos por miseric\u00f3rdia e pedia chuva pra essa regi\u00e3o.<br \/>\nHoje continua sendo visitada, por turistas e moradores do local. A serra esconde mist\u00e9rios, mas nos mostra a sua beleza natural. Existe no local uma caverna contendo aproximadamente 5m de comprimento, uns 2m de largura e uns 3m de altura. Existem pequenas fendas que d\u00e3o acesso a outras galerias. \u00c9 habitada por: Morcegos, cobras, pre\u00e1s, corujas, gavi\u00f5es e muitas outras esp\u00e9cies.<br \/>\n\u00c9 formada por v\u00e1rios tipos de rochas e variedades tipos de pedras. Encontramos ali v\u00e1rias esp\u00e9cies de cactos como: mandacaru, aleij\u00e3o, cabe\u00e7a de frade e muitas outras. A flora \u00e9 muito rica, composta de pequenas e grandes \u00e1rvores e uma variedade de tipos de flores, atraindo assim muitos p\u00e1ssaros e insetos. A paisagem vista l\u00e1 do alto \u00e9 maravilhosa e o por do sol que ali se v\u00ea, \u00e9 simplesmente deslumbrante.<br \/>\nResta-nos preservar, este patrim\u00f4nio da natureza! Pois tudo isso faz da \u201cSerra do Cruzeiro\u201d um belo cart\u00e3o postal da nossa querida cidade de Caetanos.<\/p>\n<p>Fonte: A Verdadeira Hist\u00f3ria de Caetanos.<a href=\"https:\/\/pt.wikipedia.org\/wiki\/Caetanos#cite_note-Portal_Caetanos-7\">[7]<\/a><br \/>\nHistoriador:\u00a0 Gleuber Ferreira<a href=\"https:\/\/pt.wikipedia.org\/wiki\/Caetanos#cite_note-Portal_Caetanos-7\">[7]<\/a><\/p>\n<p>Biografias:<br \/>\nMeus Primeiros Passos em Caetanos &#8211; Narrados por Agripino Americano<\/p>\n<p style=\"text-align: justify;\"><strong>Forma\u00e7\u00e3o Administrativa<\/strong><\/p>\n<p style=\"text-align: justify;\">Distrito criado com a denomina\u00e7\u00e3o de Nova Lage, pela Lei Municipal n\u00ba 2, de 15-02-1920, aprovada pela Lei Estadual n\u00ba 1707, de 02-106-1924, subordinado ao munic\u00edpio de Po\u00e7\u00f5es.<\/p>\n<p style=\"text-align: justify;\">Em divis\u00e3o administrativa referente ao ano de 1933, o Distrito de Nova Lage, figura no munic\u00edpio de Po\u00e7\u00f5es.\u00a0Assim permanecendo em divis\u00f5es territoriais datadas de 31-XII-1936 e 31-XII-1937. Pelo Decreto-Lei estadual 10724, de 30-03-1938, o Distrito de Nova Lage tomou a denomina\u00e7\u00e3o de Nova Lage do Gavi\u00e3o. Pelo Decreto Estadual n\u00ba 11089, de 30-11-1938, o Distrito de Nova Lage do Gavi\u00e3o passou a denominar-se Vista Nova.\u00a0No quadro fixado para vigorar no per\u00edodo de 1939-1943, Vista Nova (ex-Nova Lage do\u00a0Gavi\u00e3o (ex-Nova Lage). Pelo decreto-Lei Estadual n\u00ba 141, de 31-12-1943, confirmado pelo Decreto Estadual n\u00ba 12978, de 01-06-1944, o munic\u00edpio de Po\u00e7\u00f5es passou a chamar-se Djalama Dutra.<\/p>\n<p style=\"text-align: justify;\">Pelo ato das disposi\u00e7\u00f5es transit\u00f3rias datada de 02-08-1947, o munic\u00edpio de Djalma Dutra volta antiga denomina\u00e7\u00e3o de Po\u00e7\u00f5es Em divis\u00e3o territorial datada de 1-VII-1950, o Distrito de Vista Nova, figura no munic\u00edpio de Po\u00e7\u00f5es (ex-Djalma Dutra). Em divis\u00e3o territorial datada de 1-VII-1960, o munic\u00edpio permanece no munic\u00edpio de Po\u00e7\u00f5es.\u00a0Assim permanecendo em divis\u00e3o territorial datada de 1-I-1979.\u00a0Pela Lei Estadual n\u00ba 4045, de 14-05-1982, o Distrito de Vista Nova tomou a denomina\u00e7\u00e3o de Caetanos. Em divis\u00e3o territorial datada de 1-VII-1983, o Distrito de Caetanos (ex-Vista Nova), figura no munic\u00edpio de Po\u00e7\u00f5es. Assim permanecendo em divis\u00e3o territorial datada de 1988. Elevado \u00e0 categoria de munic\u00edpio com a denomina\u00e7\u00e3o de Caetanos, pela Lei Estadual n\u00ba<br \/>\n4827, de 31-01-1989, desmembrado de Po\u00e7\u00f5es. Sede no antigo Distrito de Caetanos. Constitu\u00eddo do Distrito sede. Instalado em 01-01-1990. Em divis\u00e3o territorial datada de 1995, o munic\u00edpio \u00e9 constitu\u00eddo do Distrito sede.<\/p>\n<p style=\"text-align: justify;\">Assim permanecendo em divis\u00e3o territorial datada de 2001. Pela Lei Municipal n\u00ba 031, 13-09-1999, foram criados os distritos de Alegre e Caldeir\u00e3o e anexados ao munic\u00edpio de Caetanos. Em divis\u00e3o territorial datada de 2001, o munic\u00edpio \u00e9 constitu\u00eddo de 3 distritos: Caetanos, Alegre e Caldeir\u00e3o.\u00a0Assim permanecendo em divis\u00e3o territorial datada de 2007.<\/p>\n<p style=\"text-align: justify;\"><strong>Altera\u00e7\u00f5es topon\u00edmicas distritais<\/strong><\/p>\n<p style=\"text-align: justify;\">Nova Lage para Nova Lage do Gavi\u00e3o, alterado pelo Decreto-Lei Estadual 10724, de 30-03-1938.<br \/>\nNova Lage do Gavi\u00e3o para Vista Nova, alterado pelo Decreto Estadual n\u00ba 11089, de 30-11-1938.<br \/>\nVista Nova para Caetanos, alterado pela Lei Estadual n\u00ba 4045, de 14-05-1982.<\/p>\n<p style=\"text-align: justify;\">VEJA DETALHES DO IBGE:\u00a0<a title=\"CIDADE DE CAETANOS\" href=\"http:\/\/www.google.com.br\/url?sa=t&amp;rct=j&amp;q=caetanos%20bahia&amp;source=web&amp;cd=49&amp;ved=0CFsQFjAIOCg&amp;url=http%3A%2F%2Fwww.ibge.gov.br%2Fcidadesat%2Fpainel%2Fpainel.php%3Fcodmun%3D290515&amp;ei=MvfGTraVHabL0QGtsJgE&amp;usg=AFQjCNG8LeBVlOtQJ4DkmtCU6iGgluKlgQ\" target=\"_blank\" rel=\"noopener\"><strong>CLIQUE<\/strong><strong>\u00a0AQUI<\/strong><\/a><\/p>\n<p style=\"text-align: justify;\">\n","protected":false},"excerpt":{"rendered":"<p>A Verdadeira Hist\u00f3ria de Caetanos No in\u00edcio do s\u00e9culo XIX, as terras onde hoje se localiza o munic\u00edpio de Caetanos, ainda pertenciam \u00e0 cidade de Rio de Contas, mas com a decad\u00eancia do ouro naquela regi\u00e3o, a cidade acabou perdendo parte do seu territ\u00f3rio para o pr\u00f3spero arraial de Caetit\u00e9, que no ano de 1810, [&hellip;]<\/p>\n","protected":false},"author":1,"featured_media":0,"parent":0,"menu_order":0,"comment_status":"closed","ping_status":"closed","template":"","meta":{"footnotes":""},"yoast_head":"<!-- This site is optimized with the Yoast SEO plugin v21.1 - https:\/\/yoast.com\/wordpress\/plugins\/seo\/ -->\n<title>HIST\u00d3RIA DA CIDADE - Portal Caetanos<\/title>\n<meta name=\"robots\" content=\"index, follow, max-snippet:-1, max-image-preview:large, max-video-preview:-1\" \/>\n<link rel=\"canonical\" href=\"https:\/\/portalcaetanos.com.br\/portal\/historia-da-cidade-2\/\" \/>\n<meta property=\"og:locale\" content=\"pt_BR\" \/>\n<meta property=\"og:type\" content=\"article\" \/>\n<meta property=\"og:title\" content=\"HIST\u00d3RIA DA CIDADE - Portal Caetanos\" \/>\n<meta property=\"og:description\" content=\"A Verdadeira Hist\u00f3ria de Caetanos No in\u00edcio do s\u00e9culo XIX, as terras onde hoje se localiza o munic\u00edpio de Caetanos, ainda pertenciam \u00e0 cidade de Rio de Contas, mas com a decad\u00eancia do ouro naquela regi\u00e3o, a cidade acabou perdendo parte do seu territ\u00f3rio para o pr\u00f3spero arraial de Caetit\u00e9, que no ano de 1810, [&hellip;]\" \/>\n<meta property=\"og:url\" content=\"https:\/\/portalcaetanos.com.br\/portal\/historia-da-cidade-2\/\" \/>\n<meta property=\"og:site_name\" content=\"Portal Caetanos\" \/>\n<meta property=\"article:modified_time\" content=\"2017-11-26T23:09:07+00:00\" \/>\n<meta property=\"og:image\" content=\"http:\/\/portalcaetanos.com.br\/portal\/wp-content\/uploads\/2017\/11\/Caetanos-Imagem_a\u00e9rea.jpg\" \/>\n<meta name=\"twitter:card\" content=\"summary_large_image\" \/>\n<meta name=\"twitter:label1\" content=\"Est. tempo de leitura\" \/>\n\t<meta name=\"twitter:data1\" content=\"12 minutos\" \/>\n<script type=\"application\/ld+json\" class=\"yoast-schema-graph\">{\"@context\":\"https:\/\/schema.org\",\"@graph\":[{\"@type\":\"WebPage\",\"@id\":\"https:\/\/portalcaetanos.com.br\/portal\/historia-da-cidade-2\/\",\"url\":\"https:\/\/portalcaetanos.com.br\/portal\/historia-da-cidade-2\/\",\"name\":\"HIST\u00d3RIA DA CIDADE - Portal Caetanos\",\"isPartOf\":{\"@id\":\"https:\/\/portalcaetanos.com.br\/portal\/#website\"},\"datePublished\":\"2013-12-01T01:25:19+00:00\",\"dateModified\":\"2017-11-26T23:09:07+00:00\",\"breadcrumb\":{\"@id\":\"https:\/\/portalcaetanos.com.br\/portal\/historia-da-cidade-2\/#breadcrumb\"},\"inLanguage\":\"pt-BR\",\"potentialAction\":[{\"@type\":\"ReadAction\",\"target\":[\"https:\/\/portalcaetanos.com.br\/portal\/historia-da-cidade-2\/\"]}]},{\"@type\":\"BreadcrumbList\",\"@id\":\"https:\/\/portalcaetanos.com.br\/portal\/historia-da-cidade-2\/#breadcrumb\",\"itemListElement\":[{\"@type\":\"ListItem\",\"position\":1,\"name\":\"In\u00edcio\",\"item\":\"https:\/\/portalcaetanos.com.br\/portal\/\"},{\"@type\":\"ListItem\",\"position\":2,\"name\":\"HIST\u00d3RIA DA CIDADE\"}]},{\"@type\":\"WebSite\",\"@id\":\"https:\/\/portalcaetanos.com.br\/portal\/#website\",\"url\":\"https:\/\/portalcaetanos.com.br\/portal\/\",\"name\":\"Portal Caetanos\",\"description\":\"A Revista Eletr\u00f4nica da Cidade!\",\"publisher\":{\"@id\":\"https:\/\/portalcaetanos.com.br\/portal\/#organization\"},\"potentialAction\":[{\"@type\":\"SearchAction\",\"target\":{\"@type\":\"EntryPoint\",\"urlTemplate\":\"https:\/\/portalcaetanos.com.br\/portal\/?s={search_term_string}\"},\"query-input\":\"required name=search_term_string\"}],\"inLanguage\":\"pt-BR\"},{\"@type\":\"Organization\",\"@id\":\"https:\/\/portalcaetanos.com.br\/portal\/#organization\",\"name\":\"Portal Caetanos\",\"url\":\"https:\/\/portalcaetanos.com.br\/portal\/\",\"logo\":{\"@type\":\"ImageObject\",\"inLanguage\":\"pt-BR\",\"@id\":\"https:\/\/portalcaetanos.com.br\/portal\/#\/schema\/logo\/image\/\",\"url\":\"https:\/\/portalcaetanos.com.br\/portal\/wp-content\/uploads\/2018\/04\/logo_tes1.png\",\"contentUrl\":\"https:\/\/portalcaetanos.com.br\/portal\/wp-content\/uploads\/2018\/04\/logo_tes1.png\",\"width\":423,\"height\":88,\"caption\":\"Portal Caetanos\"},\"image\":{\"@id\":\"https:\/\/portalcaetanos.com.br\/portal\/#\/schema\/logo\/image\/\"}}]}<\/script>\n<!-- \/ Yoast SEO plugin. -->","yoast_head_json":{"title":"HIST\u00d3RIA DA CIDADE - Portal Caetanos","robots":{"index":"index","follow":"follow","max-snippet":"max-snippet:-1","max-image-preview":"max-image-preview:large","max-video-preview":"max-video-preview:-1"},"canonical":"https:\/\/portalcaetanos.com.br\/portal\/historia-da-cidade-2\/","og_locale":"pt_BR","og_type":"article","og_title":"HIST\u00d3RIA DA CIDADE - Portal Caetanos","og_description":"A Verdadeira Hist\u00f3ria de Caetanos No in\u00edcio do s\u00e9culo XIX, as terras onde hoje se localiza o munic\u00edpio de Caetanos, ainda pertenciam \u00e0 cidade de Rio de Contas, mas com a decad\u00eancia do ouro naquela regi\u00e3o, a cidade acabou perdendo parte do seu territ\u00f3rio para o pr\u00f3spero arraial de Caetit\u00e9, que no ano de 1810, [&hellip;]","og_url":"https:\/\/portalcaetanos.com.br\/portal\/historia-da-cidade-2\/","og_site_name":"Portal Caetanos","article_modified_time":"2017-11-26T23:09:07+00:00","og_image":[{"url":"http:\/\/portalcaetanos.com.br\/portal\/wp-content\/uploads\/2017\/11\/Caetanos-Imagem_a\u00e9rea.jpg"}],"twitter_card":"summary_large_image","twitter_misc":{"Est. tempo de leitura":"12 minutos"},"schema":{"@context":"https:\/\/schema.org","@graph":[{"@type":"WebPage","@id":"https:\/\/portalcaetanos.com.br\/portal\/historia-da-cidade-2\/","url":"https:\/\/portalcaetanos.com.br\/portal\/historia-da-cidade-2\/","name":"HIST\u00d3RIA DA CIDADE - Portal Caetanos","isPartOf":{"@id":"https:\/\/portalcaetanos.com.br\/portal\/#website"},"datePublished":"2013-12-01T01:25:19+00:00","dateModified":"2017-11-26T23:09:07+00:00","breadcrumb":{"@id":"https:\/\/portalcaetanos.com.br\/portal\/historia-da-cidade-2\/#breadcrumb"},"inLanguage":"pt-BR","potentialAction":[{"@type":"ReadAction","target":["https:\/\/portalcaetanos.com.br\/portal\/historia-da-cidade-2\/"]}]},{"@type":"BreadcrumbList","@id":"https:\/\/portalcaetanos.com.br\/portal\/historia-da-cidade-2\/#breadcrumb","itemListElement":[{"@type":"ListItem","position":1,"name":"In\u00edcio","item":"https:\/\/portalcaetanos.com.br\/portal\/"},{"@type":"ListItem","position":2,"name":"HIST\u00d3RIA DA CIDADE"}]},{"@type":"WebSite","@id":"https:\/\/portalcaetanos.com.br\/portal\/#website","url":"https:\/\/portalcaetanos.com.br\/portal\/","name":"Portal Caetanos","description":"A Revista Eletr\u00f4nica da Cidade!","publisher":{"@id":"https:\/\/portalcaetanos.com.br\/portal\/#organization"},"potentialAction":[{"@type":"SearchAction","target":{"@type":"EntryPoint","urlTemplate":"https:\/\/portalcaetanos.com.br\/portal\/?s={search_term_string}"},"query-input":"required name=search_term_string"}],"inLanguage":"pt-BR"},{"@type":"Organization","@id":"https:\/\/portalcaetanos.com.br\/portal\/#organization","name":"Portal Caetanos","url":"https:\/\/portalcaetanos.com.br\/portal\/","logo":{"@type":"ImageObject","inLanguage":"pt-BR","@id":"https:\/\/portalcaetanos.com.br\/portal\/#\/schema\/logo\/image\/","url":"https:\/\/portalcaetanos.com.br\/portal\/wp-content\/uploads\/2018\/04\/logo_tes1.png","contentUrl":"https:\/\/portalcaetanos.com.br\/portal\/wp-content\/uploads\/2018\/04\/logo_tes1.png","width":423,"height":88,"caption":"Portal Caetanos"},"image":{"@id":"https:\/\/portalcaetanos.com.br\/portal\/#\/schema\/logo\/image\/"}}]}},"_links":{"self":[{"href":"https:\/\/portalcaetanos.com.br\/portal\/wp-json\/wp\/v2\/pages\/157"}],"collection":[{"href":"https:\/\/portalcaetanos.com.br\/portal\/wp-json\/wp\/v2\/pages"}],"about":[{"href":"https:\/\/portalcaetanos.com.br\/portal\/wp-json\/wp\/v2\/types\/page"}],"author":[{"embeddable":true,"href":"https:\/\/portalcaetanos.com.br\/portal\/wp-json\/wp\/v2\/users\/1"}],"replies":[{"embeddable":true,"href":"https:\/\/portalcaetanos.com.br\/portal\/wp-json\/wp\/v2\/comments?post=157"}],"version-history":[{"count":14,"href":"https:\/\/portalcaetanos.com.br\/portal\/wp-json\/wp\/v2\/pages\/157\/revisions"}],"predecessor-version":[{"id":3980,"href":"https:\/\/portalcaetanos.com.br\/portal\/wp-json\/wp\/v2\/pages\/157\/revisions\/3980"}],"wp:attachment":[{"href":"https:\/\/portalcaetanos.com.br\/portal\/wp-json\/wp\/v2\/media?parent=157"}],"curies":[{"name":"wp","href":"https:\/\/api.w.org\/{rel}","templated":true}]}}